{"id":3446,"date":"2023-10-23T15:31:19","date_gmt":"2023-10-23T15:31:19","guid":{"rendered":"https:\/\/questromworld.bu.edu\/cema\/?page_id=3446"},"modified":"2023-10-23T15:35:55","modified_gmt":"2023-10-23T15:35:55","slug":"scientific-committee","status":"publish","type":"page","link":"https:\/\/questromworld.bu.edu\/cema\/scientific-committee\/","title":{"rendered":"Scientific Committee"},"content":{"rendered":"<div  class='flex_column av-av_one_full-a93934ecd89fbb8a9566d39e89cd3725 av_one_full  avia-builder-el-0  el_before_av_textblock  avia-builder-el-first  first flex_column_div  '     ><section  class='av_textblock_section av-lo3280yt-cd94586b6e793ad3df76c90bfe6a29a4 '   itemscope=\"itemscope\" itemtype=\"https:\/\/schema.org\/CreativeWork\" ><div class='avia_textblock'  itemprop=\"text\" ><h1 style=\"text-align: center\">Scientific Committee<\/h1>\n<\/div><\/section><\/div><section  class='av_textblock_section av-av_textblock-9f1d08d208ea38101768ba4096f09dd7 '   itemscope=\"itemscope\" itemtype=\"https:\/\/schema.org\/CreativeWork\" ><div class='avia_textblock'  itemprop=\"text\" ><p>Carol Alexander &#8212; University of Sussex, UK<\/p>\n<p>Volodymyr Babich &#8212; Georgetown University, USA<\/p>\n<p>Giovanni Barone-Adesi &#8212; Universit\u00e0 della Svizzera Italiana, CH<\/p>\n<p>Christiane Baumeister &#8212; University of Notre Dame, USA<\/p>\n<p>Hendrik Bessembinder &#8212; Arizona State University, USA<\/p>\n<p>John Birge &#8212; University of Chicago, USA<\/p>\n<p>Derek Bunn &#8212; London Business School, UK<\/p>\n<p>\u00c1lvaro Cartea &#8212; University of Oxford, UK<\/p>\n<p>Rita D&#8217;Ecclesia &#8212; Universit\u00e0 La Sapienza Roma, Italy<\/p>\n<p>J\u00e9rome Detemple &#8212; Boston University, USA<\/p>\n<p>Sebastian Jaimungal &#8212; University of Toronto, Canada<\/p>\n<p>R\u00fcdiger Kiesel &#8212; University of Duisburg-Essen, Germany<\/p>\n<p>Lutz Kilian &#8212; Federal Reserve Bank of Dallas, USA<\/p>\n<p>L\u00e1szl\u00f3 \u00c1. K\u00f3czy &#8212; Hungarian Academy of Sciences, Hungary<\/p>\n<p>Panos Kouvelis &#8212; University of Washington in St Louis, USA<\/p>\n<p>Michael Ludkovski &#8212; University of California at Santa Barbara, USA<\/p>\n<p>Jo\u00eblle Miffre &#8212; Audencia Business School, France<\/p>\n<p>Selvaprabu Nadarajah &#8212; University of Illinois Chicago<\/p>\n<p>Christina Nikitopoulos &#8212; University of Technology Sydney, Australia<\/p>\n<p>Nikos Nomikos &#8212; City University of London, UK<\/p>\n<p>Craig Pirrong &#8212; University of Houston, USA<\/p>\n<p>Gabriel Power &#8212; Laval University, Quebec, Canada<\/p>\n<p>Marcel Prokopczuk &#8212; Leibniz Universitat Hannover, Germany<\/p>\n<p>Michel A. Robe &#8212; University of Richmond, USA<\/p>\n<p>Andrea Roncoroni &#8212; ESSEC Business School, France<\/p>\n<p>Ehud Ronn &#8212; University of Texas at Austin, USA<\/p>\n<p>Geert Rouwenhorst &#8212; Yale University, USA<\/p>\n<p>Eduardo S. Schwartz &#8212; UCLA, USA<\/p>\n<p>Sridhar Seshadri &#8212; University of Illinois Urbana-Champaign, USA<\/p>\n<p>Nicola Secomandi &#8212; Rice University, USA<\/p>\n<p>Duane Seppi &#8212; Carnegie Mellon University, USA<\/p>\n<p>Betty Simkins &#8212; Oklahoma State University, USA<\/p>\n<p>Ke Tang &#8212; Tsinghua University, China<\/p>\n<p>Sheridan Titman &#8212; University of Texas, USA<\/p>\n<p>Richard Tol &#8212; University of Sussex, UK<\/p>\n<p>Stathis Tompaidis &#8212; University of Texas at Austin, USA<\/p>\n<p>Stefan Trueck &#8212; Macquarie University, Australia<\/p>\n<p>Rafa\u0142\u00a0Weron &#8212; Wroc\u0142aw University, Poland<\/p>\n<p>Sjur Westgaard &#8212; Norwegian University of Science and Technology<\/p>\n<p>Wei Xiong &#8212; Princeton University, USA<\/p>\n<\/div><\/section>\n","protected":false},"excerpt":{"rendered":"","protected":false},"author":93,"featured_media":0,"parent":0,"menu_order":0,"comment_status":"closed","ping_status":"closed","template":"","meta":{"footnotes":"","_links_to":"","_links_to_target":""},"class_list":["post-3446","page","type-page","status-publish","hentry"],"yoast_head":"<!-- This site is optimized with the Yoast SEO plugin v27.5 - https:\/\/yoast.com\/product\/yoast-seo-wordpress\/ -->\n<title>Scientific Committee - CEMA<\/title>\n<meta name=\"robots\" content=\"index, follow, max-snippet:-1, max-image-preview:large, max-video-preview:-1\" \/>\n<link rel=\"canonical\" href=\"https:\/\/questromworld.bu.edu\/cema\/scientific-committee\/\" class=\"yoast-seo-meta-tag\" \/>\n<meta property=\"og:locale\" content=\"en_US\" class=\"yoast-seo-meta-tag\" \/>\n<meta property=\"og:type\" content=\"article\" class=\"yoast-seo-meta-tag\" \/>\n<meta property=\"og:title\" content=\"Scientific Committee - CEMA\" class=\"yoast-seo-meta-tag\" \/>\n<meta property=\"og:url\" content=\"https:\/\/questromworld.bu.edu\/cema\/scientific-committee\/\" class=\"yoast-seo-meta-tag\" \/>\n<meta property=\"og:site_name\" content=\"CEMA\" class=\"yoast-seo-meta-tag\" \/>\n<meta property=\"article:modified_time\" content=\"2023-10-23T15:35:55+00:00\" class=\"yoast-seo-meta-tag\" \/>\n<meta name=\"twitter:card\" content=\"summary_large_image\" class=\"yoast-seo-meta-tag\" \/>\n<meta name=\"twitter:label1\" content=\"Est. reading time\" class=\"yoast-seo-meta-tag\" \/>\n\t<meta name=\"twitter:data1\" content=\"2 minutes\" class=\"yoast-seo-meta-tag\" \/>\n<script type=\"application\/ld+json\" class=\"yoast-schema-graph\">{\"@context\":\"https:\\\/\\\/schema.org\",\"@graph\":[{\"@type\":\"WebPage\",\"@id\":\"https:\\\/\\\/questromworld.bu.edu\\\/cema\\\/scientific-committee\\\/\",\"url\":\"https:\\\/\\\/questromworld.bu.edu\\\/cema\\\/scientific-committee\\\/\",\"name\":\"Scientific Committee - CEMA\",\"isPartOf\":{\"@id\":\"https:\\\/\\\/questromworld.bu.edu\\\/cema\\\/#website\"},\"datePublished\":\"2023-10-23T15:31:19+00:00\",\"dateModified\":\"2023-10-23T15:35:55+00:00\",\"breadcrumb\":{\"@id\":\"https:\\\/\\\/questromworld.bu.edu\\\/cema\\\/scientific-committee\\\/#breadcrumb\"},\"inLanguage\":\"en-US\",\"potentialAction\":[{\"@type\":\"ReadAction\",\"target\":[\"https:\\\/\\\/questromworld.bu.edu\\\/cema\\\/scientific-committee\\\/\"]}]},{\"@type\":\"BreadcrumbList\",\"@id\":\"https:\\\/\\\/questromworld.bu.edu\\\/cema\\\/scientific-committee\\\/#breadcrumb\",\"itemListElement\":[{\"@type\":\"ListItem\",\"position\":1,\"name\":\"Home\",\"item\":\"https:\\\/\\\/questromworld.bu.edu\\\/cema\\\/homepage\\\/\"},{\"@type\":\"ListItem\",\"position\":2,\"name\":\"Scientific Committee\"}]},{\"@type\":\"WebSite\",\"@id\":\"https:\\\/\\\/questromworld.bu.edu\\\/cema\\\/#website\",\"url\":\"https:\\\/\\\/questromworld.bu.edu\\\/cema\\\/\",\"name\":\"CEMA\",\"description\":\"\",\"potentialAction\":[{\"@type\":\"SearchAction\",\"target\":{\"@type\":\"EntryPoint\",\"urlTemplate\":\"https:\\\/\\\/questromworld.bu.edu\\\/cema\\\/?s={search_term_string}\"},\"query-input\":{\"@type\":\"PropertyValueSpecification\",\"valueRequired\":true,\"valueName\":\"search_term_string\"}}],\"inLanguage\":\"en-US\"}]}<\/script>\n<!-- \/ Yoast SEO plugin. -->","yoast_head_json":{"title":"Scientific Committee - CEMA","robots":{"index":"index","follow":"follow","max-snippet":"max-snippet:-1","max-image-preview":"max-image-preview:large","max-video-preview":"max-video-preview:-1"},"canonical":"https:\/\/questromworld.bu.edu\/cema\/scientific-committee\/","og_locale":"en_US","og_type":"article","og_title":"Scientific Committee - CEMA","og_url":"https:\/\/questromworld.bu.edu\/cema\/scientific-committee\/","og_site_name":"CEMA","article_modified_time":"2023-10-23T15:35:55+00:00","twitter_card":"summary_large_image","twitter_misc":{"Est. reading time":"2 minutes"},"schema":{"@context":"https:\/\/schema.org","@graph":[{"@type":"WebPage","@id":"https:\/\/questromworld.bu.edu\/cema\/scientific-committee\/","url":"https:\/\/questromworld.bu.edu\/cema\/scientific-committee\/","name":"Scientific Committee - CEMA","isPartOf":{"@id":"https:\/\/questromworld.bu.edu\/cema\/#website"},"datePublished":"2023-10-23T15:31:19+00:00","dateModified":"2023-10-23T15:35:55+00:00","breadcrumb":{"@id":"https:\/\/questromworld.bu.edu\/cema\/scientific-committee\/#breadcrumb"},"inLanguage":"en-US","potentialAction":[{"@type":"ReadAction","target":["https:\/\/questromworld.bu.edu\/cema\/scientific-committee\/"]}]},{"@type":"BreadcrumbList","@id":"https:\/\/questromworld.bu.edu\/cema\/scientific-committee\/#breadcrumb","itemListElement":[{"@type":"ListItem","position":1,"name":"Home","item":"https:\/\/questromworld.bu.edu\/cema\/homepage\/"},{"@type":"ListItem","position":2,"name":"Scientific Committee"}]},{"@type":"WebSite","@id":"https:\/\/questromworld.bu.edu\/cema\/#website","url":"https:\/\/questromworld.bu.edu\/cema\/","name":"CEMA","description":"","potentialAction":[{"@type":"SearchAction","target":{"@type":"EntryPoint","urlTemplate":"https:\/\/questromworld.bu.edu\/cema\/?s={search_term_string}"},"query-input":{"@type":"PropertyValueSpecification","valueRequired":true,"valueName":"search_term_string"}}],"inLanguage":"en-US"}]}},"_links":{"self":[{"href":"https:\/\/questromworld.bu.edu\/cema\/wp-json\/wp\/v2\/pages\/3446","targetHints":{"allow":["GET"]}}],"collection":[{"href":"https:\/\/questromworld.bu.edu\/cema\/wp-json\/wp\/v2\/pages"}],"about":[{"href":"https:\/\/questromworld.bu.edu\/cema\/wp-json\/wp\/v2\/types\/page"}],"author":[{"embeddable":true,"href":"https:\/\/questromworld.bu.edu\/cema\/wp-json\/wp\/v2\/users\/93"}],"replies":[{"embeddable":true,"href":"https:\/\/questromworld.bu.edu\/cema\/wp-json\/wp\/v2\/comments?post=3446"}],"version-history":[{"count":3,"href":"https:\/\/questromworld.bu.edu\/cema\/wp-json\/wp\/v2\/pages\/3446\/revisions"}],"predecessor-version":[{"id":3456,"href":"https:\/\/questromworld.bu.edu\/cema\/wp-json\/wp\/v2\/pages\/3446\/revisions\/3456"}],"wp:attachment":[{"href":"https:\/\/questromworld.bu.edu\/cema\/wp-json\/wp\/v2\/media?parent=3446"}],"curies":[{"name":"wp","href":"https:\/\/api.w.org\/{rel}","templated":true}]}}